{"id":177,"date":"2016-05-08T03:08:13","date_gmt":"2016-05-08T03:08:13","guid":{"rendered":"http:\/\/www.memoriasdecorea.com\/wordpress\/?page_id=177"},"modified":"2016-05-08T03:50:10","modified_gmt":"2016-05-08T03:50:10","slug":"30-de-abril-de-2016-combatientes-colombianos-en-korea-el-colombiano","status":"publish","type":"page","link":"http:\/\/www.memoriasdecorea.com\/wordpress\/sample-page\/30-de-abril-de-2016-combatientes-colombianos-en-korea-el-colombiano\/","title":{"rendered":"2016 &#8211; 30 de Abril"},"content":{"rendered":"<div id=\"p_p_id_contentviewerportlet_WAR_newsportlet_INSTANCE_40f2ae3e4e3644d2b57a9a42b643ff68_\" class=\"portlet-boundary portlet-boundary_contentviewerportlet_WAR_newsportlet_ portlet-static portlet-static-end content-viewer-portlet \">\n<div class=\"td-portlet\">\n<section id=\"portlet_contentviewerportlet_WAR_newsportlet_INSTANCE_40f2ae3e4e3644d2b57a9a42b643ff68\" class=\"portlet\">\n<div class=\"portlet-content\">\n<div class=\" portlet-content-container\">\n<div class=\"portlet-body\">\n<div class=\"last td-viewer full-access\">\n<div class=\"header-noticia detalle-columnista\">\n<div class=\"img-columnista-interna\">\n<figure class=\"img-columnista\">\n<div>Tomado de:\u00a0http:\/\/www.elcolombiano.com\/opinion\/columnistas\/combatientes-colombianos-en-korea-MD4063853<\/div>\n<div><\/div>\n<div><img loading=\"lazy\" decoding=\"async\" title=\"Ra\u00fal E. Tamayo Gaviria\" src=\"http:\/\/www.elcolombiano.com\/documents\/10157\/0\/270x171\/18c0\/100d100\/none\/11101\/OOAB\/image_content_22073381_20141108094944.jpg\" alt=\"Ra\u00fal E. Tamayo Gaviria\" width=\"100\" height=\"100\" \/><\/div>\n<\/figure>\n<\/div>\n<div class=\"information-noticia-interna\">\n<h5 class=\"seccion\">COLUMNISTA<\/h5>\n<h3 class=\"nombre-columnista\">RA\u00daL E. TAMAYO GAVIRIA<\/h3>\n<div class=\"tools\">\n<div class=\"autor\">\n<h6>PUBLICADO EL 30 DE ABRIL DE 2016<\/h6>\n<\/div>\n<div class=\"imprimir\">COMBATIENTES COLOMBIANOS EN KOREA<\/div>\n<\/div>\n<\/div>\n<\/div>\n<\/div>\n<\/div>\n<\/div>\n<\/div>\n<\/section>\n<\/div>\n<\/div>\n<div id=\"p_p_id_contentviewerportlet_WAR_newsportlet_INSTANCE_2e7cc7faf368497a92284182113a58a9_\" class=\"portlet-boundary portlet-boundary_contentviewerportlet_WAR_newsportlet_ portlet-static portlet-static-end content-viewer-portlet \">\n<div class=\"td-portlet\">\n<section id=\"portlet_contentviewerportlet_WAR_newsportlet_INSTANCE_2e7cc7faf368497a92284182113a58a9\" class=\"portlet\">\n<div class=\"portlet-content\">\n<div class=\" portlet-content-container\">\n<div class=\"portlet-body\">\n<div class=\"last td-viewer full-access\">\n<div class=\"detalle-general editorial detalle-columnista-texto\">\n<div class=\"noticia\">\n<article class=\"articulo fontChange\">\n<div class=\"interna-columnista\"><\/div>\n<div class=\"texto-columnista\">\n<div class=\"text\">\n<p>Hildebrando naci\u00f3 y se cri\u00f3 en Betulia Antioquia, era un joven trabajador y avispado desde peque\u00f1o. Sal\u00eda de la escuela y le ayudaba a don Domingo, su padre, en la f\u00e1brica de jab\u00f3n de la familia.<\/p>\n<p>Don Domingo era muy severo y exigente con Hildebrando y por cualquier motivo le alzaba la mano y los castigos f\u00edsicos eran muy fuertes. Si lloraba, le aumentaba los golpes:<\/p>\n<p>&#8211;Pa\u2019 que no llor\u00e9s como una ni\u00f1a. Pero si no se quejaba:<\/p>\n<p>&#8211;\u00a1Ah\u00a1 \u00bfno te doli\u00f3? Tom\u00e1 pues. Y te vas de la casa. \u00a1Que no te vuelva a ver!<\/p>\n<p>Un d\u00eda, a este joven de 16 a\u00f1os se le llen\u00f3 la taza y le dijo a la mam\u00e1:<\/p>\n<p>&#8211;S\u00e1queme el vestido nuevo que le voy a hacer un mandado a mi pap\u00e1 en Urrao. Fue al almac\u00e9n de Bernardo y le dijo:<\/p>\n<p>&#8211;Que a mi pap\u00e1, por favor, le mande la plata del jab\u00f3n de este mes.<\/p>\n<p>Ochenta y tres pesos le dio don Bernardo a Hildebrando y con esa plata (que el joven consider\u00f3 como pago de su trabajo), se fue con su primo en avioneta de Urrao a Medell\u00edn. All\u00ed, al cabo de unos d\u00edas, unos soldados de reclutamiento lo encontraron en la calle y se lo llevaron en una volqueta militar al Batall\u00f3n Girardot. Aunque no ten\u00eda edad de prestar el servicio, le insisti\u00f3 al teniente de reclutamiento hasta que lo dejaron. Y lo trasladaron a Popay\u00e1n.<\/p>\n<p>Despu\u00e9s de un a\u00f1o de servicio militar, regres\u00f3 a Medell\u00edn y fue escogido para formar el Batall\u00f3n Colombia n.\u00b0 1 para la guerra de Korea. All\u00ed se hab\u00eda acabado la democracia por la invasi\u00f3n de la China comunista y la ONU envi\u00f3 tropas de todo el mundo, incluida Colombia, para luchar por la democracia. Era el a\u00f1o de 1951.<\/p>\n<p>Esta semana, la Academia de Historia Policial, presidida por la se\u00f1ora Coronel <i>Alba Patricia Lancheros<\/i>, directora de la Escuela Carlos E. Restrepo, todos los acad\u00e9micos y el personal de oficiales, suboficiales, alumnos y personal civil de la Escuela, les rindieron honores a los veteranos de guerra del Batall\u00f3n Colombia del Ej\u00e9rcito Nacional, que estuvieron hace sesenta y cinco a\u00f1os en representaci\u00f3n de Colombia, luchando por Korea y por el restablecimiento de su democracia.<\/p>\n<p>Estos soldados veteranos antioque\u00f1os de m\u00e1s de ochenta a\u00f1os, ostentan en sus valerosos pechos m\u00e1s de quince condecoraciones, del ej\u00e9rcito koreano, del americano y el Ej\u00e9rcito Nacional, varios gobiernos. Con sus viejos uniformes marchan con orgullo al comp\u00e1s de la m\u00fasica marcial de las bandas de guerra. All\u00ed estuvieron cinco veteranos en representaci\u00f3n de los miles de combatientes colombianos: <i>Hildebrando V\u00e9lez, Jes\u00fas Enrique Zapata, Le\u00f3n Gaviria, Jaime Cardona y \u00d3scar Restrepo.<\/i><\/p>\n<p>Tengo grabada una frase del comandante de la 24 Divisi\u00f3n en el a\u00f1o 1953 que dice:<\/p>\n<p>\u201cSiempre cre\u00ed que los mejores soldados eran los de mi ej\u00e9rcito americano, hasta que vi pelear a los soldados del Batall\u00f3n Colombia. Son mejores\u201d.<\/p>\n<p>Eso nos hace sentir orgullosos tambi\u00e9n a nosotros como colombianos. Gracias a la Polic\u00eda Nacional, a la Escuela CER y a la Academia de historia Policial por acordarse de estos soldados.<\/p>\n<p><b>\u00d1APA.<\/b> Me acaban de arreglar una bomba hidrofl\u00f3 en mi casa de Rionegro. Como <i>Juan Manuel Santos<\/i> est\u00e1 inaugurando reparaciones en Guatap\u00e9, \u00bfpodr\u00e1 darse una pasadita y corta la cinta en mi casa? .<\/p>\n<\/div>\n<\/div>\n<\/article>\n<\/div>\n<\/div>\n<\/div>\n<\/div>\n<\/div>\n<\/div>\n<\/section>\n<\/div>\n<\/div>\n","protected":false},"excerpt":{"rendered":"<p>Tomado de:\u00a0http:\/\/www.elcolombiano.com\/opinion\/columnistas\/combatientes-colombianos-en-korea-MD4063853 COLUMNISTA RA\u00daL E. TAMAYO GAVIRIA PUBLICADO EL 30 DE ABRIL DE 2016 COMBATIENTES COLOMBIANOS EN KOREA Hildebrando naci\u00f3 y se cri\u00f3 en Betulia Antioquia, era un joven trabajador y avispado desde peque\u00f1o. Sal\u00eda de la escuela y le ayudaba a don Domingo, su padre, en la f\u00e1brica de jab\u00f3n de la familia. Don&#8230; <\/p>\n<div class=\"link-more\"><a href=\"http:\/\/www.memoriasdecorea.com\/wordpress\/sample-page\/30-de-abril-de-2016-combatientes-colombianos-en-korea-el-colombiano\/\">Read More<\/a><\/div>\n","protected":false},"author":1,"featured_media":0,"parent":2,"menu_order":0,"comment_status":"closed","ping_status":"closed","template":"","meta":{"footnotes":""},"class_list":["post-177","page","type-page","status-publish","hentry"],"_links":{"self":[{"href":"http:\/\/www.memoriasdecorea.com\/wordpress\/wp-json\/wp\/v2\/pages\/177"}],"collection":[{"href":"http:\/\/www.memoriasdecorea.com\/wordpress\/wp-json\/wp\/v2\/pages"}],"about":[{"href":"http:\/\/www.memoriasdecorea.com\/wordpress\/wp-json\/wp\/v2\/types\/page"}],"author":[{"embeddable":true,"href":"http:\/\/www.memoriasdecorea.com\/wordpress\/wp-json\/wp\/v2\/users\/1"}],"replies":[{"embeddable":true,"href":"http:\/\/www.memoriasdecorea.com\/wordpress\/wp-json\/wp\/v2\/comments?post=177"}],"version-history":[{"count":3,"href":"http:\/\/www.memoriasdecorea.com\/wordpress\/wp-json\/wp\/v2\/pages\/177\/revisions"}],"predecessor-version":[{"id":217,"href":"http:\/\/www.memoriasdecorea.com\/wordpress\/wp-json\/wp\/v2\/pages\/177\/revisions\/217"}],"up":[{"embeddable":true,"href":"http:\/\/www.memoriasdecorea.com\/wordpress\/wp-json\/wp\/v2\/pages\/2"}],"wp:attachment":[{"href":"http:\/\/www.memoriasdecorea.com\/wordpress\/wp-json\/wp\/v2\/media?parent=177"}],"curies":[{"name":"wp","href":"https:\/\/api.w.org\/{rel}","templated":true}]}}