{"id":182,"date":"2016-05-08T03:12:43","date_gmt":"2016-05-08T03:12:43","guid":{"rendered":"http:\/\/www.memoriasdecorea.com\/wordpress\/?page_id=182"},"modified":"2016-05-08T03:49:50","modified_gmt":"2016-05-08T03:49:50","slug":"19-de-julio-de-2015","status":"publish","type":"page","link":"http:\/\/www.memoriasdecorea.com\/wordpress\/sample-page\/19-de-julio-de-2015\/","title":{"rendered":"2015 &#8211; 19 de Julio"},"content":{"rendered":"<p>Tomado de:\u00a0http:\/\/noticias.telemedellin.tv\/hildebrando-velez-un-veterano-de-la-guerra-de-corea\/<\/p>\n<p>Autor: Gabriel Villa<\/p>\n<p><a style=\"font-family: 'Noto Serif', Georgia, serif; font-size: 5rem; font-weight: bold; line-height: 1.19; background-color: #ffffff;\" title=\"Permanent Link to Hildebrando V\u00e9lez, un veterano de la Guerra de Corea\" href=\"http:\/\/noticias.telemedellin.tv\/hildebrando-velez-un-veterano-de-la-guerra-de-corea\/\" rel=\"bookmark\">Hildebrando V\u00e9lez, un veterano de la Guerra de Corea<\/a><\/p>\n<ul class=\"post-meta\">\n<li class=\"date\">19 de julio, 2015<\/li>\n<li class=\"comments\"><img loading=\"lazy\" decoding=\"async\" class=\"attachment-post-thumbnail wp-post-image\" src=\"http:\/\/noticias.telemedellin.tv\/wp-content\/uploads\/2015\/07\/Veterano-Corea.jpg\" alt=\"Veterano Corea\" width=\"475\" height=\"339\" \/><\/li>\n<\/ul>\n<div class=\"entry\">\n<p><iframe loading=\"lazy\" src=\"https:\/\/www.youtube.com\/embed\/UrxhaOlvtgE?feature=oembed\" width=\"610\" height=\"458\" frameborder=\"0\" allowfullscreen=\"allowfullscreen\"><\/iframe><br \/>\nEste 19 de julio se conmemora el d\u00eda de los H\u00e9roes de la Patria y sus familias. En Medell\u00edn se realiz\u00f3 una parada militar en el cementerio campos de paz donde estuvo uno de los veteranos de la guerra de Corea<\/p>\n<div id=\"wp_thumbie\"><\/div>\n<\/div>\n","protected":false},"excerpt":{"rendered":"<p>Tomado de:\u00a0http:\/\/noticias.telemedellin.tv\/hildebrando-velez-un-veterano-de-la-guerra-de-corea\/ Autor: Gabriel Villa Hildebrando V\u00e9lez, un veterano de la Guerra de Corea 19 de julio, 2015 Este 19 de julio se conmemora el d\u00eda de los H\u00e9roes de la Patria y sus familias. En Medell\u00edn se realiz\u00f3 una parada militar en el cementerio campos de paz donde estuvo uno de los veteranos de&#8230; <\/p>\n<div class=\"link-more\"><a href=\"http:\/\/www.memoriasdecorea.com\/wordpress\/sample-page\/19-de-julio-de-2015\/\">Read More<\/a><\/div>\n","protected":false},"author":1,"featured_media":0,"parent":2,"menu_order":0,"comment_status":"closed","ping_status":"closed","template":"","meta":{"footnotes":""},"class_list":["post-182","page","type-page","status-publish","hentry"],"_links":{"self":[{"href":"http:\/\/www.memoriasdecorea.com\/wordpress\/wp-json\/wp\/v2\/pages\/182"}],"collection":[{"href":"http:\/\/www.memoriasdecorea.com\/wordpress\/wp-json\/wp\/v2\/pages"}],"about":[{"href":"http:\/\/www.memoriasdecorea.com\/wordpress\/wp-json\/wp\/v2\/types\/page"}],"author":[{"embeddable":true,"href":"http:\/\/www.memoriasdecorea.com\/wordpress\/wp-json\/wp\/v2\/users\/1"}],"replies":[{"embeddable":true,"href":"http:\/\/www.memoriasdecorea.com\/wordpress\/wp-json\/wp\/v2\/comments?post=182"}],"version-history":[{"count":3,"href":"http:\/\/www.memoriasdecorea.com\/wordpress\/wp-json\/wp\/v2\/pages\/182\/revisions"}],"predecessor-version":[{"id":216,"href":"http:\/\/www.memoriasdecorea.com\/wordpress\/wp-json\/wp\/v2\/pages\/182\/revisions\/216"}],"up":[{"embeddable":true,"href":"http:\/\/www.memoriasdecorea.com\/wordpress\/wp-json\/wp\/v2\/pages\/2"}],"wp:attachment":[{"href":"http:\/\/www.memoriasdecorea.com\/wordpress\/wp-json\/wp\/v2\/media?parent=182"}],"curies":[{"name":"wp","href":"https:\/\/api.w.org\/{rel}","templated":true}]}}