{"id":186,"date":"2016-05-08T03:15:44","date_gmt":"2016-05-08T03:15:44","guid":{"rendered":"http:\/\/www.memoriasdecorea.com\/wordpress\/?page_id=186"},"modified":"2016-05-08T03:49:32","modified_gmt":"2016-05-08T03:49:32","slug":"1-de-abril-de-2007","status":"publish","type":"page","link":"http:\/\/www.memoriasdecorea.com\/wordpress\/sample-page\/1-de-abril-de-2007\/","title":{"rendered":"2007 &#8211; 1 de Abril"},"content":{"rendered":"<p>Tomado de:\u00a0http:\/\/www.elmundo.com\/portal\/resultados\/detalles\/?idx=49258#.Vy6vJPl97IV<\/p>\n<p>Autor: Mauricio Andr\u00e9s Palacio Betancur<\/p>\n<p>&nbsp;<\/p>\n<p><span class=\"titulo_principal\">\u201cEstuve en Old Baldy\u201d<\/span><br \/>\nAutor: <a class=\"enlace_autor\" title=\"Click para contactar al periodista\" href=\"http:\/\/www.elmundo.com\/portal\/servicios\/contactenos\/?idperiodista=154&amp;idtipoc=12\"><strong>Mauricio Andr\u00e9s Palacio Betancur<\/strong><\/a> <span class=\"texto_negro3\"><br \/>\n1 de Abril de 2007<br \/>\n<\/span><\/p>\n<div class=\"detalle_noticia\">\n<p><span class=\"subtitulo1\">Los veteranos de la guerra de Corea desfilaron ayer por las calles de Medell\u00edn, en un homenaje que cada mes de marzo les hace la Cuarta Brigada. Los h\u00e9roes de Old Baldy vuelven a uniformarse, pero esta vez para ser homenajeados. Una historia de la guerra, la vida y la muerte.<\/span><\/p>\n<\/div>\n<div class=\"iconos\">\n<div class=\"otros_iconos\">\n<div class=\"addthis_toolbox addthis_default_style addthis_32x32_style\">\n<p><a class=\"addthis_button_expanded\" title=\"M\u00e1s...\" href=\"http:\/\/www.elmundo.com\/portal\/resultados\/detalles\/?idx=49258#\" target=\"_blank\">3<\/a><\/p>\n<div class=\"atclear\"><\/div>\n<\/div>\n<\/div>\n<\/div>\n<div class=\"line\"><\/div>\n<div class=\"noticia_general\">\n<table>\n<tbody>\n<tr>\n<td><\/td>\n<\/tr>\n<\/tbody>\n<\/table>\n<p>Solo cuando vio a lo lejos los destellos provenientes de las l\u00edneas de combate supo que no hab\u00eda vuelta atr\u00e1s. \u00c9l solo pensaba en qu\u00e9 se hab\u00eda metido, a sabiendas de que Colombia estaba a un mes de distancia en barco, partiendo desde Cartagena, cruzando el Canal de Panam\u00e1, atracando en los puertos de Hawai, para posteriormente coger rumbo en el mismo nav\u00edo hacia Jap\u00f3n y finalmente desembarcar en el puerto de Pusan, su destino en Corea del Sur.<\/p>\n<p>21 de mayo de 1951, inicialmente, mil sesenta hombres al mando del coronel Jaime Polaina Pullo, comandante del Batall\u00f3n Colombia pisaron tierras coreanas con un \u00fanico fin, luchar.<\/p>\n<p>Hildebrando V\u00e9lez Vel\u00e1squez recuerda cuando dispar\u00f3 por primera vez un arma, teniendo apenas 16 a\u00f1os. Colombia estaba convulsionado. La violencia en el pa\u00eds acababa de estallar con el cruento asesinato de Jorge Eli\u00e9cer Gait\u00e1n.<\/p>\n<p>Durante un a\u00f1o, Hildebrando combati\u00f3 las guerrillas en las monta\u00f1as cafeteras, pero ante la propuesta \u00e9l no titube\u00f3. En el furor del oto\u00f1o de 1952 decidi\u00f3 embarcarse en el s\u00e9ptimo relevo del Batall\u00f3n Colombia. \u201cYo me fui como voluntario, pero cuando uno llega a Corea ya le da nostalgia por estar en un pa\u00eds tan lejano\u201d, comenta a sabiendas de que en Corea el enemigo era mucho m\u00e1s numeroso que en las monta\u00f1as de los Andes.<\/p>\n<p>Despu\u00e9s de un entrenamiento de unos cuatro meses en Colombia que resultaron ser tres, m\u00e1s otras seis semanas de puro orden abierto en Corea del Sur, Hildebrando tom\u00f3 su fusil M1 de 8 cartuchos y supo que era ya inevitable evadir los destellos que hab\u00eda visto desde el barco a su arribo, los mismos que esta vez ver\u00eda pero sobre su cabeza.<\/p>\n<p>El choque armado era inevitable, por eso un sacerdote impart\u00eda una bendici\u00f3n a toda las escuadras que saldr\u00edan a patrullar, porque a lo mejor \u00e9se ser\u00eda el \u00faltimo aliciente en sus vidas.<\/p>\n<p>Las batallas<\/p>\n<p>El arrojo de los 5.100 soldados colombianos (4.314 de infanter\u00eda y 786 de la marina) quienes batallaron en la guerra de Corea, que por cierto es la \u00fanica guerra internacional en la que ha intervenido el pa\u00eds, les sirvi\u00f3 para ganarse el reconocimiento internacional como los mejores soldados del mundo.<\/p>\n<p>\u201cMe tocaron dos combates muy fuertes\u201d expresa Hildebrando mientras se acomoda en su silla, prepar\u00e1ndose para un gran discurso.<br \/>\nEl calendario marcaba el 10 de marzo de 1953, cuando su pelot\u00f3n fue destinado a la operaci\u00f3n Cerro 180, punto estrat\u00e9gico para lograr el avance de las tropas, tanto que ese lugar \u201ccambi\u00f3 de due\u00f1o unas 24 veces, es decir hubo unas 24 batallas\u201d.<\/p>\n<p>Pero ese solo fue el abrebocas para lo que se le ven\u00eda al Batall\u00f3n Colombia. Cerca de cuatro mil integrantes del Ej\u00e9rcito Rojo lanzaron una gran ofensiva contra las tropas occidentales en lo que se denomin\u00f3 \u201cEl Tri\u00e1ngulo de Hierro\u201d. \u201cEse d\u00eda atacaron tres puestos que fueron el Port Chop, el Old Baldy y Caballo Blanco, quer\u00edan hacer un avance para llegar reforzados a la mesa de conferencias\u201d, dice Hildebrando.<\/p>\n<p>Dos d\u00edas despu\u00e9s de que \u00e9l viera como 12 de sus compa\u00f1eros yac\u00edan en el Cerro 180, Hildebrando fue encomendado a otra misi\u00f3n casi suicida. El Old Baldy esperaba por \u00e9l.<\/p>\n<p>Un fuego de artiller\u00eda fue la bienvenida. Cuatrocientos compatriotas luchaban contra m\u00e1s de un millar de chinos.<\/p>\n<p>Hasta el 23 de marzo, las tropas del Batall\u00f3n Colombia estuvieron sitiados por las explosiones de la artiller\u00eda. \u201cEsos 11 d\u00edas fueron muy fuertes, se dice que cayeron unas 1.500 bombas\u201d, comenta.<\/p>\n<p>En una de tantas funciones en el campo de batalla, Hildebrando conform\u00f3 las patrullas de escucha, donde \u201cencavados\u201d armados con sus fusiles y un micr\u00f3fono escuchaban cualquier movimiento sospechoso, que al m\u00ednimo indicio de presencia del enemigo, informaban las coordenadas y ca\u00eda una abundante r\u00e1faga de ametralladora. \u201cEsos huecos tienen una numeraci\u00f3n, entonces las ametralladoras est\u00e1n emplazadas hacia esos sitios. Si uno siente ruidos por un paso de tropas informa que de ese puesto de escucha est\u00e1 pasando tropa enemiga, entonces empiezan a disparar las ametralladoras\u201d.<\/p>\n<p>Sin embargo no siempre era as\u00ed. Al terminar sus raciones C7 (siete tarros con sopa, carne, fr\u00edjoles y otros alimentos) las latas terminaban regadas por el campo de batalla. \u201cEso se llenaba de ratas por todas partes y muchas veces uno confund\u00eda el paso de tropas con esos animales y se disparaban las r\u00e1fagas\u201d, recuerda Hildebrando con una sutil sonrisa.<\/p>\n<p>Ante el feroz ataque del Batall\u00f3n Colombia, el Ej\u00e9rcito Chino anunciaba mediante parlantes: \u201cColombianos ustedes qu\u00e9 hacen ac\u00e1, vinieron a matarnos, vinieron a ayudarle al imperialismo yanqui. Nosotros no somos sus enemigos, ustedes son de un pa\u00eds muy lejano, por qu\u00e9 est\u00e1n aqu\u00ed asesin\u00e1ndonos\u201d. Pero ellos no titubeaban ante el ataque psicol\u00f3gico. \u201cnosotros dispar\u00e1bamos las ametralladoras hacia ese sitio y ah\u00ed mismo cambiaban el parlante para otro lugar. Nos manten\u00edan desesperados con eso y era casi todos los d\u00edas que nos pon\u00edan esos parlantes\u201d, evoca.<\/p>\n<p>M\u00e1quina de matar<\/p>\n<p>Los ataques arreciaban cada vez m\u00e1s. Aunque las balas zumbaban de un lado a otro, Hildebrando nunca supo si de su fusil salieron balas de muerte. \u201cuno no sabe si fue el arma de uno que lo elimin\u00f3 o si fue la del compa\u00f1ero; no puedo decir mat\u00e9 50 o 100 chinos. Yo puedo decir mat\u00e9 una persona cuando estoy solo\u201d.<\/p>\n<p>Y as\u00ed ocurri\u00f3. En medio de la noche la munici\u00f3n escaseaba. Los chinos dieron una bocanada de opio y tras un grito de guerra salieron a la ofensiva. Ya encima del frente aliado, a punta de bayoneta calada, los colombianos acabaron con el enemigo. \u201cEso es tenaz pero uno cuando empieza el combate siente un poco de miedo pero despu\u00e9s se vuelve un ente ah\u00ed. Una m\u00e1quina de matar\u201d. Hildebrando deja escapar un suspiro.<\/p>\n<p>\u00c9l asegura que en ese momento no hay tiempo para pensar en Santos. \u201cHay mucha gente que dice que en todo el combate le hace sino pedir a la Virgen y a todos los Santos de m\u00e1s devoci\u00f3n, pero uno no se acuerda de nada en medio en un mare m\u00e1gnum de esos. Es impresionante, eso es una locura lo que lo coge a uno. Uno trata de eliminar el mayor n\u00famero de enemigos\u201d.<\/p>\n<p>Post guerra<\/p>\n<p>Los soldados del Batall\u00f3n Colombia cumplieron con las misiones encomendadas m\u00e1s all\u00e1 de su deber, dejando en alto el nombre del pa\u00eds, aunque con un costo demasiado alto. 131 hombres murieron en enfrentamientos, 428 resultaron heridos, 69 desaparecieron y 28 cayeron como prisioneros.<\/p>\n<p>De esos, solo en Old Baldy murieron 95 compatriotas, 97 resultaron heridos y todos los prisioneros los aport\u00f3 esta batalla, sumados a los 500 chinos muertos, seg\u00fan lo report\u00f3 para la fecha el servicio de inteligencia norteamericano. \u201cEs muy duro ver una cantidad de compa\u00f1eros destrozados; manos, piernas, cabezas por todas partes, eso es enloquecedor. No s\u00e9 por qu\u00e9 sale uno vivo de una cosa de esas. A la fecha no se c\u00f3mo sal\u00ed vivo de all\u00e1 y todos los que estuvimos en la guerra decimos lo mismo\u201d.<\/p>\n<p>La batalla de Old Baldy marc\u00f3 el inicio del fin de la guerra de Corea. El 27 de julio de 1953 se establece la l\u00ednea del armisticio y se dio por terminada una guerra en la que los Colombianos siempre ser\u00e1n recordados como \u201clos mejores soldados del mundo\u201d, por eso Hildebrando dice con orgullo \u201cEstuve en Old Baldy\u201d.<\/p>\n<\/div>\n","protected":false},"excerpt":{"rendered":"<p>Tomado de:\u00a0http:\/\/www.elmundo.com\/portal\/resultados\/detalles\/?idx=49258#.Vy6vJPl97IV Autor: Mauricio Andr\u00e9s Palacio Betancur &nbsp; \u201cEstuve en Old Baldy\u201d Autor: Mauricio Andr\u00e9s Palacio Betancur 1 de Abril de 2007 Los veteranos de la guerra de Corea desfilaron ayer por las calles de Medell\u00edn, en un homenaje que cada mes de marzo les hace la Cuarta Brigada. Los h\u00e9roes de Old Baldy vuelven&#8230; <\/p>\n<div class=\"link-more\"><a href=\"http:\/\/www.memoriasdecorea.com\/wordpress\/sample-page\/1-de-abril-de-2007\/\">Read More<\/a><\/div>\n","protected":false},"author":1,"featured_media":0,"parent":2,"menu_order":0,"comment_status":"closed","ping_status":"closed","template":"","meta":{"footnotes":""},"class_list":["post-186","page","type-page","status-publish","hentry"],"_links":{"self":[{"href":"http:\/\/www.memoriasdecorea.com\/wordpress\/wp-json\/wp\/v2\/pages\/186"}],"collection":[{"href":"http:\/\/www.memoriasdecorea.com\/wordpress\/wp-json\/wp\/v2\/pages"}],"about":[{"href":"http:\/\/www.memoriasdecorea.com\/wordpress\/wp-json\/wp\/v2\/types\/page"}],"author":[{"embeddable":true,"href":"http:\/\/www.memoriasdecorea.com\/wordpress\/wp-json\/wp\/v2\/users\/1"}],"replies":[{"embeddable":true,"href":"http:\/\/www.memoriasdecorea.com\/wordpress\/wp-json\/wp\/v2\/comments?post=186"}],"version-history":[{"count":2,"href":"http:\/\/www.memoriasdecorea.com\/wordpress\/wp-json\/wp\/v2\/pages\/186\/revisions"}],"predecessor-version":[{"id":215,"href":"http:\/\/www.memoriasdecorea.com\/wordpress\/wp-json\/wp\/v2\/pages\/186\/revisions\/215"}],"up":[{"embeddable":true,"href":"http:\/\/www.memoriasdecorea.com\/wordpress\/wp-json\/wp\/v2\/pages\/2"}],"wp:attachment":[{"href":"http:\/\/www.memoriasdecorea.com\/wordpress\/wp-json\/wp\/v2\/media?parent=186"}],"curies":[{"name":"wp","href":"https:\/\/api.w.org\/{rel}","templated":true}]}}