{"id":196,"date":"2016-05-08T03:25:57","date_gmt":"2016-05-08T03:25:57","guid":{"rendered":"http:\/\/www.memoriasdecorea.com\/wordpress\/?page_id=196"},"modified":"2016-05-08T03:30:32","modified_gmt":"2016-05-08T03:30:32","slug":"congreso-de-la-republica","status":"publish","type":"page","link":"http:\/\/www.memoriasdecorea.com\/wordpress\/menciones-honorificas\/congreso-de-la-republica\/","title":{"rendered":"Congreso de la Rep\u00fablica"},"content":{"rendered":"<h2 class=\"date-header\">Fuente:\u00a0http:\/\/augustoposada.blogspot.com.co\/2009\/12\/augusto-posada-condecora-veterano-de.html<\/h2>\n<p>Autor: Augusto Posada<\/p>\n<h2 class=\"date-header\"><\/h2>\n<h2 class=\"date-header\">s\u00e1bado, 12 de diciembre de 2009<\/h2>\n<div class=\"date-posts\">\n<div class=\"post-outer\">\n<div class=\"post hentry uncustomized-post-template\">\n<p>Augusto Posada condecora a veterano de Guerra de Corea Hildebrando V\u00e9lez Vel\u00e1squez<\/p>\n<div class=\"post-header\"><\/div>\n<div id=\"post-body-7056323978464584256\" class=\"post-body entry-content\">\n<p><a href=\"http:\/\/2.bp.blogspot.com\/_IjO7YJbJoik\/SyO2rVfLe0I\/AAAAAAAAAIw\/JldyXpHyyE0\/s1600-h\/condecora_corea_3.jpg\"><img decoding=\"async\" id=\"BLOGGER_PHOTO_ID_5414372032648018754\" src=\"http:\/\/2.bp.blogspot.com\/_IjO7YJbJoik\/SyO2rVfLe0I\/AAAAAAAAAIw\/JldyXpHyyE0\/s200\/condecora_corea_3.jpg\" alt=\"\" border=\"0\" \/><\/a><\/p>\n<div>\n<p>El calendario marcaba el 10 de marzo de 1953, cuando su pelot\u00f3n fue destinado a la operaci\u00f3n Cerro 180, punto estrat\u00e9gico para lograr el avance de las tropas, tanto que ese lugar &#8220;cambi\u00f3 de due\u00f1o unas 24 veces, es decir hubo unas 24 batallas\u201d. Un fuego de artiller\u00eda fue la bienvenida y por fortuna, a\u00fan queda vida para contarnos.<\/p>\n<p>Desde el Congreso de la Rep\u00fablica queremos rendir un sentido homenaje a un hombre pionero de una casta de luchadores por la libertad. Hombres que han glorificado a Colombia representando los m\u00e1s insignes intereses de la Patria en lugares donde estaba amenazada la libertad, hombres que tienen la capacidad de entregar su m\u00e1s alto bien en beneficio de millones que no sabr\u00e1n posteriormente a qui\u00e9n agradecerle porque hombres como este, conservan la virtud de la humildad.<\/p>\n<p>Don Hildebrando V\u00e9lez Vel\u00e1squez representa a esos miles de hombres y mujeres que en sus d\u00edas de gloria y hoy han servido y lo contin\u00faan haciendo al pueblo colombiano desde las filas de nuestras Fuerzas Armadas. Qu\u00e9 tranquilidad la que nos brindan, qu\u00e9 defensa de los colombianos menos favorecidos hacen hoy en d\u00eda en nuestro pa\u00eds y qu\u00e9 defensa de los hermanos coreanos hicieron a principios de la d\u00e9cada de los 50, este h\u00e9roe y sus compa\u00f1eros de armas.<\/p>\n<p>Colombia fue grande ante el mundo por hombres como usted, don Hildebrando, y lo contin\u00faa siendo por los miles que siguiendo su ejemplo recorren este pa\u00eds de punta a punta dejando en cada gota de sudor y de sangre un pedazo del amor que han demostrado tener por nosotros.<\/p>\n<p>El Congreso de la Rep\u00fablica hoy enaltece en su nombre al Batall\u00f3n Colombia, grupo destacado entre los m\u00e1s decididos ej\u00e9rcitos que recibe a\u00fan palabras de admiraci\u00f3n del mundo entero y la gratitud del pueblo coreano que reconoce en nuestro pa\u00eds, gracias a ustedes, a unos hermanos que arriesgaron sus vidas por cumplir el deber.<\/p>\n<p>Trasladamos nuestro mayor reconocimiento a su trayectoria, que se eleva con la satisfacci\u00f3n de vivir bajo esos gratos recuerdos de haber servido con el uniforme que representa una Patria como la nuestra.<\/p>\n<\/div>\n<div><\/div>\n<\/div>\n<div class=\"post-footer\">\n<div class=\"post-footer-line post-footer-line-1\">\n<p><span class=\"post-author vcard\">Publicado por <span class=\"fn\"><a class=\"g-profile\" title=\"author profile\" href=\"https:\/\/www.blogger.com\/profile\/16507782248288183347\" rel=\"author\" data-gapiscan=\"true\" data-onload=\"true\" data-gapiattached=\"true\">Augusto Posada S\u00e1nchez <\/a><\/span><\/span><span class=\"post-timestamp\">en <a class=\"timestamp-link\" title=\"permanent link\" href=\"http:\/\/augustoposada.blogspot.com.co\/2009\/12\/augusto-posada-condecora-veterano-de.html\" rel=\"bookmark\"><abbr class=\"published\" title=\"2009-12-12T10:27:00-05:00\">10:27 a. m.<\/abbr><\/a> <\/span><\/p>\n<div class=\"post-share-buttons goog-inline-block\"><\/div>\n<\/div>\n<div class=\"post-footer-line post-footer-line-2\"><span class=\"post-labels\">Etiquetas: <a href=\"http:\/\/augustoposada.blogspot.com.co\/search\/label\/Antioquia\" rel=\"tag\">Antioquia<\/a>, <a href=\"http:\/\/augustoposada.blogspot.com.co\/search\/label\/Augusto%20Posada\" rel=\"tag\">Augusto Posada<\/a>, <a href=\"http:\/\/augustoposada.blogspot.com.co\/search\/label\/Colombia\" rel=\"tag\">Colombia<\/a>, <a href=\"http:\/\/augustoposada.blogspot.com.co\/search\/label\/partido%20de%20la%20U\" rel=\"tag\">partido de la U<\/a>, <a href=\"http:\/\/augustoposada.blogspot.com.co\/search\/label\/Representante%20a%20la%20C%C3%A1mara\" rel=\"tag\">Representante a la C\u00e1mara<\/a>,<a href=\"http:\/\/augustoposada.blogspot.com.co\/search\/label\/Senado\" rel=\"tag\">Senado<\/a><\/span><\/div>\n<\/div>\n<\/div>\n<\/div>\n<\/div>\n","protected":false},"excerpt":{"rendered":"<p>Fuente:\u00a0http:\/\/augustoposada.blogspot.com.co\/2009\/12\/augusto-posada-condecora-veterano-de.html Autor: Augusto Posada s\u00e1bado, 12 de diciembre de 2009 Augusto Posada condecora a veterano de Guerra de Corea Hildebrando V\u00e9lez Vel\u00e1squez El calendario marcaba el 10 de marzo de 1953, cuando su pelot\u00f3n fue destinado a la operaci\u00f3n Cerro 180, punto estrat\u00e9gico para lograr el avance de las tropas, tanto que ese lugar &#8220;cambi\u00f3&#8230; <\/p>\n<div class=\"link-more\"><a href=\"http:\/\/www.memoriasdecorea.com\/wordpress\/menciones-honorificas\/congreso-de-la-republica\/\">Read More<\/a><\/div>\n","protected":false},"author":1,"featured_media":0,"parent":8,"menu_order":0,"comment_status":"closed","ping_status":"closed","template":"","meta":{"footnotes":""},"class_list":["post-196","page","type-page","status-publish","hentry"],"_links":{"self":[{"href":"http:\/\/www.memoriasdecorea.com\/wordpress\/wp-json\/wp\/v2\/pages\/196"}],"collection":[{"href":"http:\/\/www.memoriasdecorea.com\/wordpress\/wp-json\/wp\/v2\/pages"}],"about":[{"href":"http:\/\/www.memoriasdecorea.com\/wordpress\/wp-json\/wp\/v2\/types\/page"}],"author":[{"embeddable":true,"href":"http:\/\/www.memoriasdecorea.com\/wordpress\/wp-json\/wp\/v2\/users\/1"}],"replies":[{"embeddable":true,"href":"http:\/\/www.memoriasdecorea.com\/wordpress\/wp-json\/wp\/v2\/comments?post=196"}],"version-history":[{"count":3,"href":"http:\/\/www.memoriasdecorea.com\/wordpress\/wp-json\/wp\/v2\/pages\/196\/revisions"}],"predecessor-version":[{"id":206,"href":"http:\/\/www.memoriasdecorea.com\/wordpress\/wp-json\/wp\/v2\/pages\/196\/revisions\/206"}],"up":[{"embeddable":true,"href":"http:\/\/www.memoriasdecorea.com\/wordpress\/wp-json\/wp\/v2\/pages\/8"}],"wp:attachment":[{"href":"http:\/\/www.memoriasdecorea.com\/wordpress\/wp-json\/wp\/v2\/media?parent=196"}],"curies":[{"name":"wp","href":"https:\/\/api.w.org\/{rel}","templated":true}]}}