{"id":278,"date":"2016-05-08T14:33:53","date_gmt":"2016-05-08T14:33:53","guid":{"rendered":"http:\/\/www.memoriasdecorea.com\/wordpress\/?page_id=278"},"modified":"2016-05-08T14:36:11","modified_gmt":"2016-05-08T14:36:11","slug":"hoja-de-vida","status":"publish","type":"page","link":"http:\/\/www.memoriasdecorea.com\/wordpress\/historias-de-vida\/hoja-de-vida\/","title":{"rendered":"Hoja de Vida"},"content":{"rendered":"<p>HILDEBRANDO V\u00c9LEZ VEL\u00c1SQUEZ<\/p>\n<p><img loading=\"lazy\" decoding=\"async\" class=\"alignnone size-medium wp-image-282\" src=\"http:\/\/www.memoriasdecorea.com\/wordpress\/wp-content\/uploads\/2016\/05\/55-180x300.jpg\" alt=\"55\" width=\"180\" height=\"300\" srcset=\"http:\/\/www.memoriasdecorea.com\/wordpress\/wp-content\/uploads\/2016\/05\/55-180x300.jpg 180w, http:\/\/www.memoriasdecorea.com\/wordpress\/wp-content\/uploads\/2016\/05\/55.jpg 380w\" sizes=\"(max-width: 180px) 100vw, 180px\" \/><img loading=\"lazy\" decoding=\"async\" class=\"alignnone size-medium wp-image-281\" src=\"http:\/\/www.memoriasdecorea.com\/wordpress\/wp-content\/uploads\/2016\/05\/59-198x300.jpg\" alt=\"59\" width=\"198\" height=\"300\" srcset=\"http:\/\/www.memoriasdecorea.com\/wordpress\/wp-content\/uploads\/2016\/05\/59-198x300.jpg 198w, http:\/\/www.memoriasdecorea.com\/wordpress\/wp-content\/uploads\/2016\/05\/59-768x1163.jpg 768w, http:\/\/www.memoriasdecorea.com\/wordpress\/wp-content\/uploads\/2016\/05\/59-676x1024.jpg 676w, http:\/\/www.memoriasdecorea.com\/wordpress\/wp-content\/uploads\/2016\/05\/59.jpg 1125w\" sizes=\"(max-width: 198px) 100vw, 198px\" \/><\/p>\n<h2>Datos Personales<\/h2>\n<p>&nbsp;<\/p>\n<p>Nombres: \u00a0\u00a0\u00a0\u00a0\u00a0\u00a0\u00a0\u00a0\u00a0\u00a0\u00a0 Hildebrando V\u00e9lez Vel\u00e1squez<\/p>\n<p>Nacionalidad: \u00a0\u00a0\u00a0\u00a0\u00a0 Colombiano<\/p>\n<p>Edad: \u00a0\u00a0\u00a0\u00a0\u00a0\u00a0\u00a0\u00a0\u00a0\u00a0\u00a0\u00a0\u00a0\u00a0\u00a0\u00a0\u00a0\u00a0 79 a\u00f1os<\/p>\n<p>Barrio\u00a0\u00a0\u00a0\u00a0\u00a0\u00a0\u00a0\u00a0\u00a0\u00a0\u00a0\u00a0\u00a0\u00a0\u00a0\u00a0\u00a0\u00a0 Alcal\u00e1, Envigado, durante 46 a\u00f1os.<\/p>\n<p>&nbsp;<\/p>\n<h2>Datos Acad\u00e9micos<\/h2>\n<p>Primaria<\/p>\n<p><strong>1950\u00a0\u00a0\u00a0\u00a0\u00a0\u00a0\u00a0\u00a0\u00a0\u00a0\u00a0\u00a0\u00a0\u00a0\u00a0\u00a0\u00a0\u00a0\u00a0\u00a0\u00a0\u00a0\u00a0\u00a0\u00a0\u00a0 <\/strong>Escuela General Santander<\/p>\n<p>Betulia, Antioquia<\/p>\n<p>Graduado<\/p>\n<p>&nbsp;<\/p>\n<p><strong>1951 &#8211; 1953\u00a0\u00a0\u00a0\u00a0\u00a0\u00a0\u00a0\u00a0\u00a0\u00a0\u00a0\u00a0 <\/strong>Soldado<\/p>\n<p>Ej\u00e9rcito Nacional de la Rep\u00fablica de Colombia<\/p>\n<p>Servicio en Colombia y en la Guerra de Corea<\/p>\n<p>(Veterano de Guerra)<\/p>\n<p>Del 12 de Septiembre de 1.951 hasta Junio de 1.952 \u2013 Batall\u00f3n #7 Jun\u00edn-Popay\u00e1n<\/p>\n<p>De Junio de 1.952 hasta Septiembre de 1.952 \u2013 Entrenamiento en la Escuela de Infanter\u00eda de Usaqu\u00e9n.<\/p>\n<p>Septiembre de 1.952 hasta Noviembre de 1.953 \u2013 Servicio en el Batall\u00f3n Colombia en la Guerra de Corea.<\/p>\n<p><strong>1967: <\/strong>Manejo de Inventarios<\/p>\n<p><strong>1968: <\/strong>Seminario Administraci\u00f3n y Desarrollo<\/p>\n<p><strong>1968: <\/strong>Seminario La Venta y sus Procesos T\u00e9cnicos<\/p>\n<p><strong>1971: <\/strong>Psicolog\u00eda de la Venta<\/p>\n<p><strong>1972: <\/strong>La venta y Postventa<\/p>\n<p><strong>1972: <\/strong>Seminario de la Venta Profesional<\/p>\n<p><strong>1975: <\/strong>Curso c\u00f3mo manejar cartera<\/p>\n<p><strong>1980: <\/strong>Integraci\u00f3n y Comunicaciones<\/p>\n<p><strong>1981: <\/strong>Seminario de Creatividad<\/p>\n<p><strong>1985 : <\/strong>Motivaci\u00f3n y Liderazgo<\/p>\n<p><strong>1992 : <\/strong>Comunicaci\u00f3n y Desarrollo Personal<\/p>\n<p><strong>1993 : <\/strong>Curso de Relaciones Humanas<\/p>\n<p><strong>1993: <\/strong>Desarrollo Personal<\/p>\n<p>&nbsp;<\/p>\n<p>Administrador de empresas emp\u00edrico<\/p>\n<p>&nbsp;<\/p>\n<h2>Experiencias Laborales<\/h2>\n<p>Fecha:\u00a0 \u00a0\u00a0\u00a0\u00a0\u00a0\u00a0\u00a0\u00a0\u00a0\u00a0\u00a0\u00a0\u00a0\u00a0\u00a0\u00a0\u00a0\u00a0\u00a0\u00a0\u00a0\u00a0 1954<\/p>\n<p>Empresa:\u00a0\u00a0\u00a0\u00a0\u00a0\u00a0\u00a0\u00a0\u00a0\u00a0\u00a0\u00a0\u00a0\u00a0\u00a0\u00a0\u00a0\u00a0\u00a0 <strong>Municipio de Betulia<\/strong><\/p>\n<p><strong>Pa\u00eds:\u00a0\u00a0\u00a0\u00a0\u00a0\u00a0\u00a0\u00a0\u00a0\u00a0\u00a0\u00a0\u00a0\u00a0\u00a0\u00a0\u00a0\u00a0\u00a0\u00a0\u00a0\u00a0\u00a0\u00a0\u00a0\u00a0\u00a0\u00a0\u00a0\u00a0\u00a0\u00a0\u00a0\u00a0\u00a0\u00a0 <\/strong>Colombia<\/p>\n<p>Cargo:\u00a0\u00a0\u00a0\u00a0\u00a0\u00a0\u00a0\u00a0\u00a0\u00a0\u00a0\u00a0\u00a0\u00a0\u00a0\u00a0\u00a0\u00a0\u00a0\u00a0\u00a0\u00a0\u00a0\u00a0\u00a0\u00a0\u00a0\u00a0\u00a0\u00a0\u00a0\u00a0 Secretario de Caminos<\/p>\n<p>&nbsp;<\/p>\n<p>Fecha:\u00a0 \u00a0\u00a0\u00a0\u00a0\u00a0\u00a0\u00a0\u00a0\u00a0\u00a0\u00a0\u00a0\u00a0\u00a0\u00a0\u00a0\u00a0\u00a0\u00a0\u00a0\u00a0\u00a0 1955<\/p>\n<p>Empresa:\u00a0\u00a0\u00a0\u00a0\u00a0\u00a0\u00a0\u00a0\u00a0\u00a0\u00a0\u00a0\u00a0\u00a0\u00a0\u00a0\u00a0\u00a0\u00a0 <strong>Municipio de Betulia<\/strong><\/p>\n<p><strong>Pa\u00eds:\u00a0\u00a0\u00a0\u00a0\u00a0\u00a0\u00a0\u00a0\u00a0\u00a0\u00a0\u00a0\u00a0\u00a0\u00a0\u00a0\u00a0\u00a0\u00a0\u00a0\u00a0\u00a0\u00a0\u00a0\u00a0\u00a0\u00a0\u00a0\u00a0\u00a0\u00a0\u00a0\u00a0\u00a0\u00a0\u00a0 <\/strong>Colombia<\/p>\n<p>Cargo:\u00a0\u00a0\u00a0\u00a0\u00a0\u00a0\u00a0\u00a0\u00a0\u00a0\u00a0\u00a0\u00a0\u00a0\u00a0\u00a0\u00a0\u00a0\u00a0\u00a0\u00a0\u00a0\u00a0\u00a0\u00a0\u00a0\u00a0\u00a0\u00a0\u00a0\u00a0\u00a0 Secretario de Catastro<\/p>\n<p><strong>\u00a0<\/strong><\/p>\n<p>Fecha:\u00a0 \u00a0\u00a0\u00a0\u00a0\u00a0\u00a0\u00a0\u00a0\u00a0\u00a0\u00a0\u00a0\u00a0\u00a0\u00a0\u00a0\u00a0\u00a0\u00a0\u00a0\u00a0\u00a0 1956<\/p>\n<p>Empresa:\u00a0\u00a0\u00a0\u00a0\u00a0\u00a0\u00a0\u00a0\u00a0\u00a0\u00a0\u00a0\u00a0\u00a0\u00a0\u00a0\u00a0\u00a0\u00a0 <strong>Club de Caza y Pesca Diana<\/strong><\/p>\n<p><strong>Pa\u00eds:\u00a0\u00a0\u00a0\u00a0\u00a0\u00a0\u00a0\u00a0\u00a0\u00a0\u00a0\u00a0\u00a0\u00a0\u00a0\u00a0\u00a0\u00a0\u00a0\u00a0\u00a0\u00a0\u00a0\u00a0\u00a0\u00a0\u00a0\u00a0\u00a0\u00a0\u00a0\u00a0\u00a0\u00a0\u00a0\u00a0 <\/strong>Colombia<\/p>\n<p>Cargo:\u00a0\u00a0\u00a0\u00a0\u00a0\u00a0\u00a0\u00a0\u00a0\u00a0\u00a0\u00a0\u00a0\u00a0\u00a0\u00a0\u00a0\u00a0\u00a0\u00a0\u00a0\u00a0\u00a0\u00a0\u00a0\u00a0\u00a0\u00a0\u00a0\u00a0\u00a0\u00a0 Administrador de Bar<\/p>\n<p>&nbsp;<\/p>\n<p>Fecha:\u00a0 \u00a0\u00a0\u00a0\u00a0\u00a0\u00a0\u00a0\u00a0\u00a0\u00a0\u00a0\u00a0\u00a0\u00a0\u00a0\u00a0\u00a0\u00a0\u00a0\u00a0\u00a0\u00a0 1956<\/p>\n<p>Empresa:\u00a0\u00a0\u00a0\u00a0\u00a0\u00a0\u00a0\u00a0\u00a0\u00a0\u00a0\u00a0\u00a0\u00a0\u00a0\u00a0\u00a0\u00a0\u00a0 <strong>Polic\u00eda Nacional de Colombia<\/strong><\/p>\n<p><strong>Duraci\u00f3n:\u00a0\u00a0\u00a0\u00a0\u00a0\u00a0\u00a0\u00a0\u00a0\u00a0\u00a0\u00a0\u00a0\u00a0\u00a0\u00a0\u00a0\u00a0\u00a0\u00a0\u00a0\u00a0\u00a0\u00a0\u00a0\u00a0 36 meses<\/strong><\/p>\n<p><strong>Pa\u00eds:\u00a0\u00a0\u00a0\u00a0\u00a0\u00a0\u00a0\u00a0\u00a0\u00a0\u00a0\u00a0\u00a0\u00a0\u00a0\u00a0\u00a0\u00a0\u00a0\u00a0\u00a0\u00a0\u00a0\u00a0\u00a0\u00a0\u00a0\u00a0\u00a0\u00a0\u00a0\u00a0\u00a0\u00a0\u00a0\u00a0 <\/strong>Colombia<\/p>\n<p>Fecha:\u00a0 \u00a0\u00a0\u00a0\u00a0\u00a0\u00a0\u00a0\u00a0\u00a0\u00a0\u00a0\u00a0\u00a0\u00a0\u00a0\u00a0\u00a0\u00a0\u00a0\u00a0\u00a0\u00a0 1959<\/p>\n<p>Empresa:\u00a0\u00a0\u00a0\u00a0\u00a0\u00a0\u00a0\u00a0\u00a0\u00a0\u00a0\u00a0\u00a0\u00a0\u00a0\u00a0\u00a0\u00a0\u00a0 <strong>Caribe Motors S.A.<\/strong><\/p>\n<p><strong>Duraci\u00f3n:\u00a0\u00a0\u00a0\u00a0\u00a0\u00a0\u00a0\u00a0\u00a0\u00a0\u00a0\u00a0\u00a0\u00a0\u00a0\u00a0\u00a0\u00a0\u00a0\u00a0\u00a0\u00a0\u00a0\u00a0\u00a0\u00a0 8 a\u00f1os y medio<\/strong><\/p>\n<p><strong>Pa\u00eds:\u00a0\u00a0\u00a0\u00a0\u00a0\u00a0\u00a0\u00a0\u00a0\u00a0\u00a0\u00a0\u00a0\u00a0\u00a0\u00a0\u00a0\u00a0\u00a0\u00a0\u00a0\u00a0\u00a0\u00a0\u00a0\u00a0\u00a0\u00a0\u00a0\u00a0\u00a0\u00a0\u00a0\u00a0\u00a0\u00a0 <\/strong>Colombia<\/p>\n<p>Cargo:\u00a0\u00a0\u00a0\u00a0\u00a0\u00a0\u00a0\u00a0\u00a0\u00a0\u00a0\u00a0\u00a0\u00a0\u00a0\u00a0\u00a0\u00a0\u00a0\u00a0\u00a0\u00a0\u00a0\u00a0\u00a0\u00a0\u00a0\u00a0\u00a0\u00a0\u00a0\u00a0 Jefe de Almac\u00e9n de repuestos<\/p>\n<p>&nbsp;<\/p>\n<p>Fecha:\u00a0 \u00a0\u00a0\u00a0\u00a0\u00a0\u00a0\u00a0\u00a0\u00a0\u00a0\u00a0\u00a0\u00a0\u00a0\u00a0\u00a0\u00a0\u00a0\u00a0\u00a0\u00a0\u00a0 1967<\/p>\n<p>Empresa:\u00a0\u00a0\u00a0\u00a0\u00a0\u00a0\u00a0\u00a0\u00a0\u00a0\u00a0\u00a0\u00a0\u00a0\u00a0\u00a0\u00a0\u00a0\u00a0 <strong>Croydon S.A.<\/strong><\/p>\n<p><strong>Duraci\u00f3n:\u00a0\u00a0\u00a0\u00a0\u00a0\u00a0\u00a0\u00a0\u00a0\u00a0\u00a0\u00a0\u00a0\u00a0\u00a0\u00a0\u00a0\u00a0\u00a0\u00a0\u00a0\u00a0\u00a0\u00a0\u00a0\u00a0 4 a\u00f1os y medio<\/strong><\/p>\n<p><strong>Pa\u00eds:\u00a0\u00a0\u00a0\u00a0\u00a0\u00a0\u00a0\u00a0\u00a0\u00a0\u00a0\u00a0\u00a0\u00a0\u00a0\u00a0\u00a0\u00a0\u00a0\u00a0\u00a0\u00a0\u00a0\u00a0\u00a0\u00a0\u00a0\u00a0\u00a0\u00a0\u00a0\u00a0\u00a0\u00a0\u00a0\u00a0 <\/strong>Colombia<\/p>\n<p>Cargo:\u00a0\u00a0\u00a0\u00a0\u00a0\u00a0\u00a0\u00a0\u00a0\u00a0\u00a0\u00a0\u00a0\u00a0\u00a0\u00a0\u00a0\u00a0\u00a0\u00a0\u00a0\u00a0\u00a0\u00a0\u00a0\u00a0\u00a0\u00a0\u00a0\u00a0\u00a0\u00a0 Administrador de Almacenes<\/p>\n<p>&nbsp;<\/p>\n<p>Fecha:\u00a0 \u00a0\u00a0\u00a0\u00a0\u00a0\u00a0\u00a0\u00a0\u00a0\u00a0\u00a0\u00a0\u00a0\u00a0\u00a0\u00a0\u00a0\u00a0\u00a0\u00a0\u00a0\u00a0 1972<\/p>\n<p>Empresa:\u00a0\u00a0\u00a0\u00a0\u00a0\u00a0\u00a0\u00a0\u00a0\u00a0\u00a0\u00a0\u00a0\u00a0\u00a0\u00a0\u00a0\u00a0\u00a0 <strong>Cementerio Campos de Paz<\/strong><\/p>\n<p><strong>Duraci\u00f3n:\u00a0\u00a0\u00a0\u00a0\u00a0\u00a0\u00a0\u00a0\u00a0\u00a0\u00a0\u00a0\u00a0\u00a0\u00a0\u00a0\u00a0\u00a0\u00a0\u00a0\u00a0\u00a0\u00a0\u00a0\u00a0\u00a0 18 meses<\/strong><\/p>\n<p><strong>Pa\u00eds:\u00a0\u00a0\u00a0\u00a0\u00a0\u00a0\u00a0\u00a0\u00a0\u00a0\u00a0\u00a0\u00a0\u00a0\u00a0\u00a0\u00a0\u00a0\u00a0\u00a0\u00a0\u00a0\u00a0\u00a0\u00a0\u00a0\u00a0\u00a0\u00a0\u00a0\u00a0\u00a0\u00a0\u00a0\u00a0\u00a0 <\/strong>Colombia<\/p>\n<p>Cargo:\u00a0\u00a0\u00a0\u00a0\u00a0\u00a0\u00a0\u00a0\u00a0\u00a0\u00a0\u00a0\u00a0\u00a0\u00a0\u00a0\u00a0\u00a0\u00a0\u00a0\u00a0\u00a0\u00a0\u00a0\u00a0\u00a0\u00a0\u00a0\u00a0\u00a0\u00a0\u00a0 Supervisor Comercial<\/p>\n<p>&nbsp;<\/p>\n<p>Fecha:\u00a0 \u00a0\u00a0\u00a0\u00a0\u00a0\u00a0\u00a0\u00a0\u00a0\u00a0\u00a0\u00a0\u00a0\u00a0\u00a0\u00a0\u00a0\u00a0\u00a0\u00a0\u00a0\u00a0 1973<\/p>\n<p>Empresa:\u00a0\u00a0\u00a0\u00a0\u00a0\u00a0\u00a0\u00a0\u00a0\u00a0\u00a0\u00a0\u00a0\u00a0\u00a0\u00a0\u00a0\u00a0\u00a0 <strong>Jardines Montesacro<\/strong><\/p>\n<p><strong>Duraci\u00f3n:\u00a0\u00a0\u00a0\u00a0\u00a0\u00a0\u00a0\u00a0\u00a0\u00a0\u00a0\u00a0\u00a0\u00a0\u00a0\u00a0\u00a0\u00a0\u00a0\u00a0\u00a0\u00a0\u00a0\u00a0\u00a0\u00a0 23 a\u00f1os<\/strong><\/p>\n<p><strong>Pa\u00eds:\u00a0\u00a0\u00a0\u00a0\u00a0\u00a0\u00a0\u00a0\u00a0\u00a0\u00a0\u00a0\u00a0\u00a0\u00a0\u00a0\u00a0\u00a0\u00a0\u00a0\u00a0\u00a0\u00a0\u00a0\u00a0\u00a0\u00a0\u00a0\u00a0\u00a0\u00a0\u00a0\u00a0\u00a0\u00a0\u00a0 <\/strong>Colombia<\/p>\n<p>Cargo:\u00a0\u00a0\u00a0\u00a0\u00a0\u00a0\u00a0\u00a0\u00a0\u00a0\u00a0\u00a0\u00a0\u00a0\u00a0\u00a0\u00a0\u00a0\u00a0\u00a0\u00a0\u00a0\u00a0\u00a0\u00a0\u00a0\u00a0\u00a0\u00a0\u00a0\u00a0\u00a0 Administrador<\/p>\n<p>&nbsp;<\/p>\n<p>Jubilado a partir de 1996<\/p>\n<p>&nbsp;<\/p>\n<p>&nbsp;<\/p>\n<h2>Condecoraciones<\/h2>\n<h3>\u00b7\u00a0\u00a0\u00a0\u00a0\u00a0\u00a0 Medalla de las Naciones Unidas.<\/h3>\n<h3>\u00b7\u00a0\u00a0\u00a0\u00a0\u00a0\u00a0 Declaraci\u00f3n de H\u00e9roe por la batalla del Old Baldy del 23 al 24 de Marzo de 1953.<\/h3>\n<h3>\u00b7\u00a0\u00a0\u00a0\u00a0\u00a0\u00a0 Medalla del Ej\u00e9rcito de la Rep\u00fablica de Corea del Sur.<\/h3>\n<h3>\u00b7\u00a0\u00a0\u00a0\u00a0\u00a0\u00a0 Estrella de Bronce por servicios en Guerra Internacional otorgada por el Ej\u00e9rcito Nacional de Colombia.<\/h3>\n<h3>\u00b7\u00a0\u00a0\u00a0\u00a0\u00a0\u00a0 Medalla al Deber Cumplido otorgada por el Ej\u00e9rcito Nacional de Colombia.<\/h3>\n<h3>\u00b7\u00a0\u00a0\u00a0\u00a0\u00a0\u00a0 Medalla de la Gobernaci\u00f3n de Antioquia.<\/h3>\n<h3>\u00b7\u00a0\u00a0\u00a0\u00a0\u00a0\u00a0 Medalla de la Alcald\u00eda de Medell\u00edn.<\/h3>\n<h3>\u00b7\u00a0\u00a0\u00a0\u00a0\u00a0\u00a0 Medalla del Congreso de la Rep\u00fablica de Colombia.<\/h3>\n<h3>\u00b7\u00a0\u00a0\u00a0\u00a0\u00a0\u00a0 Medalla como Embajador de la Paz en la Rep\u00fablica de Corea del Sur en el a\u00f1o 2001.<\/h3>\n<h3>\u00b7\u00a0\u00a0\u00a0\u00a0\u00a0\u00a0 Medalla del Tercer Batall\u00f3n de Frontera de la Rep\u00fablica de Corea del Sur.<\/h3>\n<h3>\u00b7\u00a0\u00a0\u00a0\u00a0\u00a0\u00a0 Medalla INCHI de la Armada de la Rep\u00fablica de Corea del Sur otorgada en el 2005 en la ciudad de Inchong, Corea del Sur.<\/h3>\n<h3>\u00b7\u00a0\u00a0\u00a0\u00a0\u00a0\u00a0 Placa Uni\u00f3n de Inspectores de la Armada de la Rep\u00fablica de Corea del Sur.<\/h3>\n<h3>\u00b7\u00a0\u00a0\u00a0\u00a0\u00a0\u00a0 Escudo Bayoneta de Combate de la S\u00e9ptima Divisi\u00f3n del Ej\u00e9rcito de Estados Unidos.<\/h3>\n<h3>\u00b7\u00a0\u00a0\u00a0\u00a0\u00a0\u00a0 Citaci\u00f3n Presidencial del Gobierno de los Estados Unidos.<\/h3>\n<h3>\u00b7\u00a0\u00a0\u00a0\u00a0\u00a0\u00a0 Citaci\u00f3n Presidencial del Gobierno de Corea del Sur.<\/h3>\n<h3>\u00b7\u00a0\u00a0\u00a0\u00a0\u00a0\u00a0 Distintivo de Combate del Batall\u00f3n Colombia.<\/h3>\n<h3>\u00b7\u00a0\u00a0\u00a0\u00a0\u00a0\u00a0 Placa de la IV Brigada de la Rep\u00fablica de Colombia al Valor\u00a0 1952 \u2013 1953.<\/h3>\n<h3>\u00b7\u00a0\u00a0\u00a0\u00a0\u00a0\u00a0 Medalla del Ministerio de Patriotas y Veteranos de la Rep\u00fablica de Corea del Sur.<\/h3>\n<h3>\u00b7\u00a0\u00a0\u00a0\u00a0\u00a0\u00a0 Declarado Hijo Insigne del Municipio de Betulia, Antioquia.<\/h3>\n<p>&nbsp;<\/p>\n<p>&nbsp;<\/p>\n<h2>Prensa y Medios<\/h2>\n<h3>\u00b7\u00a0\u00a0\u00a0\u00a0\u00a0\u00a0 Teleantioquia:<\/h3>\n<p>Programa: Teleantioquia Global<\/p>\n<h3>\u00b7\u00a0\u00a0\u00a0\u00a0\u00a0\u00a0 Telemedell\u00edn:<\/h3>\n<p>Programa: El Medell\u00edn no contado<\/p>\n<h3>\u00b7\u00a0\u00a0\u00a0\u00a0\u00a0\u00a0 Telenvigado:<\/h3>\n<p>Programa: El ba\u00fal de la Abuela<\/p>\n<p>Programa: Envigado mi Ciudad<\/p>\n<h3>\u00b7\u00a0\u00a0\u00a0\u00a0\u00a0\u00a0 Televida:<\/h3>\n<p>Programa: Punto Cr\u00edtico<\/p>\n<h3>\u00b7\u00a0\u00a0\u00a0\u00a0\u00a0\u00a0 Une:<\/h3>\n<p>Programa:\u00a0 5 en todo, personajes<\/p>\n<h3>\u00b7\u00a0\u00a0\u00a0\u00a0\u00a0\u00a0 Universidad de Antioquia:<\/h3>\n<p>Proyecto Corea \u2013 Historias de Veteranos<\/p>\n<p>Historiador: Carlos Gaviria<\/p>\n<p>&nbsp;<\/p>\n<p>Departamento de Historia<\/p>\n<p>Para la historia, intervenci\u00f3n de Colombia en la Guerra de Corea.<\/p>\n<h3>\u00b7\u00a0\u00a0\u00a0\u00a0\u00a0\u00a0 Colegio de La Presentaci\u00f3n de Envigado<\/h3>\n<p>Programa: Documental Fragmentos del Olvido<\/p>\n<h3>\u00b7\u00a0\u00a0\u00a0\u00a0\u00a0\u00a0 Universidad Maria Cano<\/h3>\n<p>Psicolog\u00eda de la Guerra<\/p>\n<h3>\u00b7\u00a0\u00a0\u00a0\u00a0\u00a0\u00a0 KBS Radio International \u2013 Seoul, South Korea<\/h3>\n<p>Intervenci\u00f3n de Colombia en la Guerra de Korea<\/p>\n<h3>\u00b7\u00a0\u00a0\u00a0\u00a0 Entrevistas en Peri\u00f3dico El Colombiano, Peri\u00f3dico El Tiempo, Peri\u00f3dico El Mundo, Peri\u00f3dico Gente Envigado.<\/h3>\n<p>&nbsp;<\/p>\n<p>&nbsp;<\/p>\n<h2>Conferencias<\/h2>\n<h3>\u00b7\u00a0\u00a0\u00a0\u00a0\u00a0\u00a0 Duksung Women University \u2013 Seoul, South Korea<\/h3>\n<p>Intervenci\u00f3n de Colombia en la Guerra de Corea, 31 de Octubre de 2005.<\/p>\n<h3>\u00b7\u00a0\u00a0\u00a0\u00a0\u00a0\u00a0 Consejo Municipal de Medellin<\/h3>\n<p>Sobre la Guerra de Corea, 2005.<\/p>\n<h3>\u00b7\u00a0\u00a0\u00a0\u00a0\u00a0\u00a0 Batallon Colombia\u2013 Tolemaida, Cundinamarca<\/h3>\n<p>Viajes y Experiencias en la Guerra de Corea, 2004.<\/p>\n<h3>\u00b7\u00a0\u00a0\u00a0\u00a0\u00a0\u00a0 Colegios de Envigado, Sabaneta, Carolina del Pr\u00edncipe, Betulia, Santa Rosa de Osos<\/h3>\n<p>Intervenci\u00f3n de Colombia en la Guerra de Corea, de 2001 a 2010.<\/p>\n<p>&nbsp;<\/p>\n<p>&nbsp;<\/p>\n<h2>Ceremonias, Desfiles y Obras Sociales<\/h2>\n<h3>\u00a0IV Brigada de Medell\u00edn y Batallones anexos.<\/h3>\n<ul>\n<li>He participado en Ceremonias de ascensos, condecoraciones y cambios de mando. Soldados por un dia, juramentos de bandera en los Municipios de Envigado, Sabaneta, Itag\u00fc\u00ed, Santa Rosa de Osos.<\/li>\n<li>Asistencia a todos los programas en Premium Plaza de Colombia, Patria Mia, en el Stand de los Veteranos de la Guerra de Corea.<\/li>\n<li>Asistencia a Te Deum en el Parque Bol\u00edvar de Medell\u00edn, los 20 de Julio de cada a\u00f1o, desde el a\u00f1o 1.996.<\/li>\n<li>Asistencia a Desfiles del 20 de Julio por 3 ocasiones en el Batall\u00f3n Nutibara en el Municipio de Andes, Antioquia.<\/li>\n<li>Asistencia a Desfile del 20 de Julio en el Municipio de La Ceja, Antioquia, por invitaci\u00f3n de La Alcald\u00eda Municipal.<\/li>\n<li>He liderado desde 1.996 los desfiles de los Veteranos de la Guerra de Corea en la ciudad de Medell\u00edn y \u00c1rea Metropolitana, auspiciado por la IV Brigada.<\/li>\n<li>Durante varios a\u00f1os he conseguido, con la Gobernaci\u00f3n de Antioquia, ayudas para los veteranos m\u00e1s necesitados, en situaci\u00f3n de pobreza.<\/li>\n<\/ul>\n<p>Octubre 7 al 11 \u2013 2013:\u00a0 7mo Encuentro de Heridos en Combate de las Naciones Unidas. 7 Naciones participantes: Tailandia, Turquia, Etiopia, Grecia, Colombia, B\u00e9lgica, Australia. Representamos a Colombia 2 veteranos.<\/p>\n<p>&nbsp;<\/p>\n<p>&nbsp;<\/p>\n<p>&nbsp;<\/p>\n","protected":false},"excerpt":{"rendered":"<p>HILDEBRANDO V\u00c9LEZ VEL\u00c1SQUEZ Datos Personales &nbsp; Nombres: \u00a0\u00a0\u00a0\u00a0\u00a0\u00a0\u00a0\u00a0\u00a0\u00a0\u00a0 Hildebrando V\u00e9lez Vel\u00e1squez Nacionalidad: \u00a0\u00a0\u00a0\u00a0\u00a0 Colombiano Edad: \u00a0\u00a0\u00a0\u00a0\u00a0\u00a0\u00a0\u00a0\u00a0\u00a0\u00a0\u00a0\u00a0\u00a0\u00a0\u00a0\u00a0\u00a0 79 a\u00f1os Barrio\u00a0\u00a0\u00a0\u00a0\u00a0\u00a0\u00a0\u00a0\u00a0\u00a0\u00a0\u00a0\u00a0\u00a0\u00a0\u00a0\u00a0\u00a0 Alcal\u00e1, Envigado, durante 46 a\u00f1os. &nbsp; Datos Acad\u00e9micos Primaria 1950\u00a0\u00a0\u00a0\u00a0\u00a0\u00a0\u00a0\u00a0\u00a0\u00a0\u00a0\u00a0\u00a0\u00a0\u00a0\u00a0\u00a0\u00a0\u00a0\u00a0\u00a0\u00a0\u00a0\u00a0\u00a0\u00a0 Escuela General Santander Betulia, Antioquia Graduado &nbsp; 1951 &#8211; 1953\u00a0\u00a0\u00a0\u00a0\u00a0\u00a0\u00a0\u00a0\u00a0\u00a0\u00a0\u00a0 Soldado Ej\u00e9rcito Nacional de la Rep\u00fablica de Colombia Servicio en Colombia y en la Guerra de&#8230; <\/p>\n<div class=\"link-more\"><a href=\"http:\/\/www.memoriasdecorea.com\/wordpress\/historias-de-vida\/hoja-de-vida\/\">Read More<\/a><\/div>\n","protected":false},"author":1,"featured_media":0,"parent":168,"menu_order":0,"comment_status":"closed","ping_status":"closed","template":"","meta":{"footnotes":""},"class_list":["post-278","page","type-page","status-publish","hentry"],"_links":{"self":[{"href":"http:\/\/www.memoriasdecorea.com\/wordpress\/wp-json\/wp\/v2\/pages\/278"}],"collection":[{"href":"http:\/\/www.memoriasdecorea.com\/wordpress\/wp-json\/wp\/v2\/pages"}],"about":[{"href":"http:\/\/www.memoriasdecorea.com\/wordpress\/wp-json\/wp\/v2\/types\/page"}],"author":[{"embeddable":true,"href":"http:\/\/www.memoriasdecorea.com\/wordpress\/wp-json\/wp\/v2\/users\/1"}],"replies":[{"embeddable":true,"href":"http:\/\/www.memoriasdecorea.com\/wordpress\/wp-json\/wp\/v2\/comments?post=278"}],"version-history":[{"count":3,"href":"http:\/\/www.memoriasdecorea.com\/wordpress\/wp-json\/wp\/v2\/pages\/278\/revisions"}],"predecessor-version":[{"id":283,"href":"http:\/\/www.memoriasdecorea.com\/wordpress\/wp-json\/wp\/v2\/pages\/278\/revisions\/283"}],"up":[{"embeddable":true,"href":"http:\/\/www.memoriasdecorea.com\/wordpress\/wp-json\/wp\/v2\/pages\/168"}],"wp:attachment":[{"href":"http:\/\/www.memoriasdecorea.com\/wordpress\/wp-json\/wp\/v2\/media?parent=278"}],"curies":[{"name":"wp","href":"https:\/\/api.w.org\/{rel}","templated":true}]}}