{"id":296,"date":"2016-05-11T17:24:08","date_gmt":"2016-05-11T17:24:08","guid":{"rendered":"http:\/\/www.memoriasdecorea.com\/wordpress\/?page_id=296"},"modified":"2016-05-11T19:54:48","modified_gmt":"2016-05-11T19:54:48","slug":"2005-31-de-octubre-conferencia-en-la-universidad-duksung","status":"publish","type":"page","link":"http:\/\/www.memoriasdecorea.com\/wordpress\/entrevistas\/2005-31-de-octubre-conferencia-en-la-universidad-duksung\/","title":{"rendered":"2005 &#8211; 31 de Octubre: Conferencia en la Universidad Duksung"},"content":{"rendered":"<p>Invitaci\u00f3n a la Conferencia en la Universidad Duksung Women&#8217;s University, sobre Colombia en la guerra de Corea, espec\u00edficamente en el departamento de Idioma Espa\u00f1ol, con 60 estudiantes.<\/p>\n<p>&nbsp;<\/p>\n<p><a href=\"http:\/\/www.memoriasdecorea.com\/wordpress\/wp-content\/uploads\/2016\/05\/Conferencia-en-la-Universidad-Duksung-Womens-University-20051031.pdf\">Conferencia en la Universidad Duksung Women&#8217;s University &#8211; 20051031<\/a><\/p>\n","protected":false},"excerpt":{"rendered":"<p>Invitaci\u00f3n a la Conferencia en la Universidad Duksung Women&#8217;s University, sobre Colombia en la guerra de Corea, espec\u00edficamente en el departamento de Idioma Espa\u00f1ol, con 60 estudiantes. &nbsp; Conferencia en la Universidad Duksung Women&#8217;s University &#8211; 20051031<\/p>\n","protected":false},"author":1,"featured_media":0,"parent":4,"menu_order":0,"comment_status":"closed","ping_status":"closed","template":"","meta":{"footnotes":""},"class_list":["post-296","page","type-page","status-publish","hentry"],"_links":{"self":[{"href":"http:\/\/www.memoriasdecorea.com\/wordpress\/wp-json\/wp\/v2\/pages\/296"}],"collection":[{"href":"http:\/\/www.memoriasdecorea.com\/wordpress\/wp-json\/wp\/v2\/pages"}],"about":[{"href":"http:\/\/www.memoriasdecorea.com\/wordpress\/wp-json\/wp\/v2\/types\/page"}],"author":[{"embeddable":true,"href":"http:\/\/www.memoriasdecorea.com\/wordpress\/wp-json\/wp\/v2\/users\/1"}],"replies":[{"embeddable":true,"href":"http:\/\/www.memoriasdecorea.com\/wordpress\/wp-json\/wp\/v2\/comments?post=296"}],"version-history":[{"count":1,"href":"http:\/\/www.memoriasdecorea.com\/wordpress\/wp-json\/wp\/v2\/pages\/296\/revisions"}],"predecessor-version":[{"id":298,"href":"http:\/\/www.memoriasdecorea.com\/wordpress\/wp-json\/wp\/v2\/pages\/296\/revisions\/298"}],"up":[{"embeddable":true,"href":"http:\/\/www.memoriasdecorea.com\/wordpress\/wp-json\/wp\/v2\/pages\/4"}],"wp:attachment":[{"href":"http:\/\/www.memoriasdecorea.com\/wordpress\/wp-json\/wp\/v2\/media?parent=296"}],"curies":[{"name":"wp","href":"https:\/\/api.w.org\/{rel}","templated":true}]}}