{"id":4,"date":"2016-05-06T23:37:51","date_gmt":"2016-05-06T23:37:51","guid":{"rendered":"http:\/\/www.memoriasdecorea.com\/wordpress\/?page_id=4"},"modified":"2017-04-13T16:30:17","modified_gmt":"2017-04-13T16:30:17","slug":"entrevistas","status":"publish","type":"page","link":"http:\/\/www.memoriasdecorea.com\/wordpress\/entrevistas\/","title":{"rendered":"ENTREVISTAS"},"content":{"rendered":"<blockquote data-secret=\"29ghpx91G4\" class=\"wp-embedded-content\"><p><a href=\"http:\/\/www.memoriasdecorea.com\/wordpress\/entrevistas\/2005-31-de-octubre-conferencia-en-la-universidad-duksung\/\">2005 &#8211; 31 de Octubre: Conferencia en la Universidad Duksung<\/a><\/p><\/blockquote>\n<p><iframe loading=\"lazy\" class=\"wp-embedded-content\" sandbox=\"allow-scripts\" security=\"restricted\" style=\"position: absolute; clip: rect(1px, 1px, 1px, 1px);\" src=\"http:\/\/www.memoriasdecorea.com\/wordpress\/entrevistas\/2005-31-de-octubre-conferencia-en-la-universidad-duksung\/embed\/#?secret=29ghpx91G4\" data-secret=\"29ghpx91G4\" width=\"600\" height=\"338\" title=\"&#8220;2005 &#8211; 31 de Octubre: Conferencia en la Universidad Duksung&#8221; &#8212; Memorias de Corea\" frameborder=\"0\" marginwidth=\"0\" marginheight=\"0\" scrolling=\"no\"><\/iframe><\/p>\n<blockquote data-secret=\"jn7QSOov2J\" class=\"wp-embedded-content\"><p><a href=\"http:\/\/www.memoriasdecorea.com\/wordpress\/entrevistas\/2006-proyecto-corea-universidad-de-antioquia\/\">2006 &#8211; Proyecto Corea &#8211; Universidad de Antioquia<\/a><\/p><\/blockquote>\n<p><iframe loading=\"lazy\" class=\"wp-embedded-content\" sandbox=\"allow-scripts\" security=\"restricted\" style=\"position: absolute; clip: rect(1px, 1px, 1px, 1px);\" src=\"http:\/\/www.memoriasdecorea.com\/wordpress\/entrevistas\/2006-proyecto-corea-universidad-de-antioquia\/embed\/#?secret=jn7QSOov2J\" data-secret=\"jn7QSOov2J\" width=\"600\" height=\"338\" title=\"&#8220;2006 &#8211; Proyecto Corea &#8211; Universidad de Antioquia&#8221; &#8212; Memorias de Corea\" frameborder=\"0\" marginwidth=\"0\" marginheight=\"0\" scrolling=\"no\"><\/iframe><\/p>\n<p>&nbsp;<\/p>\n<blockquote data-secret=\"SFJrlpHrO2\" class=\"wp-embedded-content\"><p><a href=\"http:\/\/www.memoriasdecorea.com\/wordpress\/entrevistas\/2007-canal-itm-programa-el-medellin-no-contado\/\">2007 &#8211; Canal ITM &#8211; Programa El Medell\u00edn No Contado<\/a><\/p><\/blockquote>\n<p><iframe loading=\"lazy\" class=\"wp-embedded-content\" sandbox=\"allow-scripts\" security=\"restricted\" style=\"position: absolute; clip: rect(1px, 1px, 1px, 1px);\" src=\"http:\/\/www.memoriasdecorea.com\/wordpress\/entrevistas\/2007-canal-itm-programa-el-medellin-no-contado\/embed\/#?secret=SFJrlpHrO2\" data-secret=\"SFJrlpHrO2\" width=\"600\" height=\"338\" title=\"&#8220;2007 &#8211; Canal ITM &#8211; Programa El Medell\u00edn No Contado&#8221; &#8212; Memorias de Corea\" frameborder=\"0\" marginwidth=\"0\" marginheight=\"0\" scrolling=\"no\"><\/iframe><\/p>\n<blockquote data-secret=\"EHCBUfX9cg\" class=\"wp-embedded-content\"><p><a href=\"http:\/\/www.memoriasdecorea.com\/wordpress\/entrevistas\/2008-canal-televida-programa-punto-critico\/\">2008 &#8211; Canal Televida &#8211; Programa Punto Cr\u00edtico<\/a><\/p><\/blockquote>\n<p><iframe loading=\"lazy\" class=\"wp-embedded-content\" sandbox=\"allow-scripts\" security=\"restricted\" style=\"position: absolute; clip: rect(1px, 1px, 1px, 1px);\" src=\"http:\/\/www.memoriasdecorea.com\/wordpress\/entrevistas\/2008-canal-televida-programa-punto-critico\/embed\/#?secret=EHCBUfX9cg\" data-secret=\"EHCBUfX9cg\" width=\"600\" height=\"338\" title=\"&#8220;2008 &#8211; Canal Televida &#8211; Programa Punto Cr\u00edtico&#8221; &#8212; Memorias de Corea\" frameborder=\"0\" marginwidth=\"0\" marginheight=\"0\" scrolling=\"no\"><\/iframe><\/p>\n<p>&nbsp;<\/p>\n<blockquote data-secret=\"DSAa4PgMbq\" class=\"wp-embedded-content\"><p><a href=\"http:\/\/www.memoriasdecorea.com\/wordpress\/entrevistas\/2008-entrevista-telenvigado-el-baul-de-la-abuela\/\">2008 &#8211; Entrevista Telenvigado &#8211; El ba\u00fal de la Abuela<\/a><\/p><\/blockquote>\n<p><iframe loading=\"lazy\" class=\"wp-embedded-content\" sandbox=\"allow-scripts\" security=\"restricted\" style=\"position: absolute; clip: rect(1px, 1px, 1px, 1px);\" src=\"http:\/\/www.memoriasdecorea.com\/wordpress\/entrevistas\/2008-entrevista-telenvigado-el-baul-de-la-abuela\/embed\/#?secret=DSAa4PgMbq\" data-secret=\"DSAa4PgMbq\" width=\"600\" height=\"338\" title=\"&#8220;2008 &#8211; Entrevista Telenvigado &#8211; El ba\u00fal de la Abuela&#8221; &#8212; Memorias de Corea\" frameborder=\"0\" marginwidth=\"0\" marginheight=\"0\" scrolling=\"no\"><\/iframe><\/p>\n<p>&nbsp;<\/p>\n<blockquote data-secret=\"vA6UhL9NVm\" class=\"wp-embedded-content\"><p><a href=\"http:\/\/www.memoriasdecorea.com\/wordpress\/entrevistas\/2009-fragmentos-del-olvido-universidad-de-medellin-y-colegio-la-presentacion-de-envigado\/\">2009 &#8211; Fragmentos del Olvido &#8211; Universidad de Medell\u00edn y Colegio La Presentaci\u00f3n de Envigado<\/a><\/p><\/blockquote>\n<p><iframe loading=\"lazy\" class=\"wp-embedded-content\" sandbox=\"allow-scripts\" security=\"restricted\" style=\"position: absolute; clip: rect(1px, 1px, 1px, 1px);\" src=\"http:\/\/www.memoriasdecorea.com\/wordpress\/entrevistas\/2009-fragmentos-del-olvido-universidad-de-medellin-y-colegio-la-presentacion-de-envigado\/embed\/#?secret=vA6UhL9NVm\" data-secret=\"vA6UhL9NVm\" width=\"600\" height=\"338\" title=\"&#8220;2009 &#8211; Fragmentos del Olvido &#8211; Universidad de Medell\u00edn y Colegio La Presentaci\u00f3n de Envigado&#8221; &#8212; Memorias de Corea\" frameborder=\"0\" marginwidth=\"0\" marginheight=\"0\" scrolling=\"no\"><\/iframe><\/p>\n<p>&nbsp;<\/p>\n<p>&nbsp;<\/p>\n<blockquote data-secret=\"UePBQVkoWJ\" class=\"wp-embedded-content\"><p><a href=\"http:\/\/www.memoriasdecorea.com\/wordpress\/entrevistas\/2012-entrevista-radial-en-seoul\/\">2012 &#8211; Entrevista radial en Seoul, Corea del Sur<\/a><\/p><\/blockquote>\n<p><iframe loading=\"lazy\" class=\"wp-embedded-content\" sandbox=\"allow-scripts\" security=\"restricted\" style=\"position: absolute; clip: rect(1px, 1px, 1px, 1px);\" src=\"http:\/\/www.memoriasdecorea.com\/wordpress\/entrevistas\/2012-entrevista-radial-en-seoul\/embed\/#?secret=UePBQVkoWJ\" data-secret=\"UePBQVkoWJ\" width=\"600\" height=\"338\" title=\"&#8220;2012 &#8211; Entrevista radial en Seoul, Corea del Sur&#8221; &#8212; Memorias de Corea\" frameborder=\"0\" marginwidth=\"0\" marginheight=\"0\" scrolling=\"no\"><\/iframe><\/p>\n<p>&nbsp;<\/p>\n<blockquote data-secret=\"rj9rYFkXEc\" class=\"wp-embedded-content\"><p><a href=\"http:\/\/www.memoriasdecorea.com\/wordpress\/entrevistas\/2015-teleantioquia-global\/\">2015 &#8211; Teleantioquia Global<\/a><\/p><\/blockquote>\n<p><iframe loading=\"lazy\" class=\"wp-embedded-content\" sandbox=\"allow-scripts\" security=\"restricted\" style=\"position: absolute; clip: rect(1px, 1px, 1px, 1px);\" src=\"http:\/\/www.memoriasdecorea.com\/wordpress\/entrevistas\/2015-teleantioquia-global\/embed\/#?secret=rj9rYFkXEc\" data-secret=\"rj9rYFkXEc\" width=\"600\" height=\"338\" title=\"&#8220;2015 &#8211; Teleantioquia Global&#8221; &#8212; Memorias de Corea\" frameborder=\"0\" marginwidth=\"0\" marginheight=\"0\" scrolling=\"no\"><\/iframe><\/p>\n<p>&nbsp;<\/p>\n<p>&nbsp;<\/p>\n<blockquote data-secret=\"TFhuQJqf1G\" class=\"wp-embedded-content\"><p><a href=\"http:\/\/www.memoriasdecorea.com\/wordpress\/entrevistas\/2016-escuela-de-policia-carlos-e-restrepo\/\">2016 &#8211; Escuela de Polic\u00eda Carlos E. Restrepo.<\/a><\/p><\/blockquote>\n<p><iframe loading=\"lazy\" class=\"wp-embedded-content\" sandbox=\"allow-scripts\" security=\"restricted\" style=\"position: absolute; clip: rect(1px, 1px, 1px, 1px);\" src=\"http:\/\/www.memoriasdecorea.com\/wordpress\/entrevistas\/2016-escuela-de-policia-carlos-e-restrepo\/embed\/#?secret=TFhuQJqf1G\" data-secret=\"TFhuQJqf1G\" width=\"600\" height=\"338\" title=\"&#8220;2016 &#8211; Escuela de Polic\u00eda Carlos E. Restrepo.&#8221; &#8212; Memorias de Corea\" frameborder=\"0\" marginwidth=\"0\" marginheight=\"0\" scrolling=\"no\"><\/iframe><\/p>\n<p>&nbsp;<\/p>\n<p>&nbsp;<\/p>\n<p>&nbsp;<\/p>\n<blockquote data-secret=\"cgFjG734yP\" class=\"wp-embedded-content\"><p><a href=\"http:\/\/www.memoriasdecorea.com\/wordpress\/entrevistas\/2016-revista-digital-mundo-asia-pacifico-universidad-eafit\/\">2016 &#8211; Revista Digital  Mundo Asia Pac\u00edfico &#8211; Universidad Eafit<\/a><\/p><\/blockquote>\n<p><iframe loading=\"lazy\" class=\"wp-embedded-content\" sandbox=\"allow-scripts\" security=\"restricted\" style=\"position: absolute; clip: rect(1px, 1px, 1px, 1px);\" src=\"http:\/\/www.memoriasdecorea.com\/wordpress\/entrevistas\/2016-revista-digital-mundo-asia-pacifico-universidad-eafit\/embed\/#?secret=cgFjG734yP\" data-secret=\"cgFjG734yP\" width=\"600\" height=\"338\" title=\"&#8220;2016 &#8211; Revista Digital  Mundo Asia Pac\u00edfico &#8211; Universidad Eafit&#8221; &#8212; Memorias de Corea\" frameborder=\"0\" marginwidth=\"0\" marginheight=\"0\" scrolling=\"no\"><\/iframe><\/p>\n<p>&nbsp;<\/p>\n<p>&nbsp;<\/p>\n","protected":false},"excerpt":{"rendered":"<p>2005 &#8211; 31 de Octubre: Conferencia en la Universidad Duksung 2006 &#8211; Proyecto Corea &#8211; Universidad de Antioquia &nbsp; 2007 &#8211; Canal ITM &#8211; Programa El Medell\u00edn No Contado 2008 &#8211; Canal Televida &#8211; Programa Punto Cr\u00edtico &nbsp; 2008 &#8211; Entrevista Telenvigado &#8211; El ba\u00fal de la Abuela &nbsp; 2009 &#8211; Fragmentos del Olvido &#8211;&#8230; <\/p>\n<div class=\"link-more\"><a href=\"http:\/\/www.memoriasdecorea.com\/wordpress\/entrevistas\/\">Read More<\/a><\/div>\n","protected":false},"author":1,"featured_media":0,"parent":0,"menu_order":0,"comment_status":"closed","ping_status":"closed","template":"","meta":{"footnotes":""},"class_list":["post-4","page","type-page","status-publish","hentry"],"_links":{"self":[{"href":"http:\/\/www.memoriasdecorea.com\/wordpress\/wp-json\/wp\/v2\/pages\/4"}],"collection":[{"href":"http:\/\/www.memoriasdecorea.com\/wordpress\/wp-json\/wp\/v2\/pages"}],"about":[{"href":"http:\/\/www.memoriasdecorea.com\/wordpress\/wp-json\/wp\/v2\/types\/page"}],"author":[{"embeddable":true,"href":"http:\/\/www.memoriasdecorea.com\/wordpress\/wp-json\/wp\/v2\/users\/1"}],"replies":[{"embeddable":true,"href":"http:\/\/www.memoriasdecorea.com\/wordpress\/wp-json\/wp\/v2\/comments?post=4"}],"version-history":[{"count":5,"href":"http:\/\/www.memoriasdecorea.com\/wordpress\/wp-json\/wp\/v2\/pages\/4\/revisions"}],"predecessor-version":[{"id":476,"href":"http:\/\/www.memoriasdecorea.com\/wordpress\/wp-json\/wp\/v2\/pages\/4\/revisions\/476"}],"wp:attachment":[{"href":"http:\/\/www.memoriasdecorea.com\/wordpress\/wp-json\/wp\/v2\/media?parent=4"}],"curies":[{"name":"wp","href":"https:\/\/api.w.org\/{rel}","templated":true}]}}