{"id":483,"date":"2017-04-13T23:35:38","date_gmt":"2017-04-13T23:35:38","guid":{"rendered":"http:\/\/www.memoriasdecorea.com\/wordpress\/?page_id=483"},"modified":"2017-04-13T23:35:38","modified_gmt":"2017-04-13T23:35:38","slug":"fe-en-la-causa-ejercito-de-la-republica-de-colombia","status":"publish","type":"page","link":"http:\/\/www.memoriasdecorea.com\/wordpress\/ceremonias\/fe-en-la-causa-ejercito-de-la-republica-de-colombia\/","title":{"rendered":"F\u00e9 en la Causa &#8211; Ej\u00e9rcito de la Rep\u00fablica de Colombia"},"content":{"rendered":"<p><iframe loading=\"lazy\" width=\"1000\" height=\"750\" src=\"https:\/\/www.youtube.com\/embed\/lxwwxL8QGXc?feature=oembed\" frameborder=\"0\" allowfullscreen><\/iframe><\/p>\n<p>&nbsp;<\/p>\n","protected":false},"excerpt":{"rendered":"<p>&nbsp;<\/p>\n","protected":false},"author":1,"featured_media":0,"parent":6,"menu_order":0,"comment_status":"closed","ping_status":"closed","template":"","meta":{"footnotes":""},"class_list":["post-483","page","type-page","status-publish","hentry"],"_links":{"self":[{"href":"http:\/\/www.memoriasdecorea.com\/wordpress\/wp-json\/wp\/v2\/pages\/483"}],"collection":[{"href":"http:\/\/www.memoriasdecorea.com\/wordpress\/wp-json\/wp\/v2\/pages"}],"about":[{"href":"http:\/\/www.memoriasdecorea.com\/wordpress\/wp-json\/wp\/v2\/types\/page"}],"author":[{"embeddable":true,"href":"http:\/\/www.memoriasdecorea.com\/wordpress\/wp-json\/wp\/v2\/users\/1"}],"replies":[{"embeddable":true,"href":"http:\/\/www.memoriasdecorea.com\/wordpress\/wp-json\/wp\/v2\/comments?post=483"}],"version-history":[{"count":1,"href":"http:\/\/www.memoriasdecorea.com\/wordpress\/wp-json\/wp\/v2\/pages\/483\/revisions"}],"predecessor-version":[{"id":484,"href":"http:\/\/www.memoriasdecorea.com\/wordpress\/wp-json\/wp\/v2\/pages\/483\/revisions\/484"}],"up":[{"embeddable":true,"href":"http:\/\/www.memoriasdecorea.com\/wordpress\/wp-json\/wp\/v2\/pages\/6"}],"wp:attachment":[{"href":"http:\/\/www.memoriasdecorea.com\/wordpress\/wp-json\/wp\/v2\/media?parent=483"}],"curies":[{"name":"wp","href":"https:\/\/api.w.org\/{rel}","templated":true}]}}