{"id":8,"date":"2016-05-06T23:40:19","date_gmt":"2016-05-06T23:40:19","guid":{"rendered":"http:\/\/www.memoriasdecorea.com\/wordpress\/?page_id=8"},"modified":"2016-05-08T03:29:12","modified_gmt":"2016-05-08T03:29:12","slug":"menciones-honorificas","status":"publish","type":"page","link":"http:\/\/www.memoriasdecorea.com\/wordpress\/menciones-honorificas\/","title":{"rendered":"CONDECORACIONES"},"content":{"rendered":"<p><strong>Congreso de la Rep\u00fablica de Colombia:<\/strong> Condecoraci\u00f3n que hace el Honorable\u00a0Congresista Augusto Posada al Veterano de Guerra Hildebrando V\u00e9lez Vel\u00e1squez, \u00a0el\u00a012 de Diciembre de 2009<\/p>\n<p>Fuente:\u00a0<a href=\"http:\/\/augustoposada.blogspot.com.co\/2009\/12\/augusto-posada-condecora-veterano-de.html\">http:\/\/augustoposada.blogspot.com.co\/2009\/12\/augusto-posada-condecora-veterano-de.html<\/a><\/p>\n<p>&nbsp;<\/p>\n<p><strong>Medal Hound<\/strong><\/p>\n<p><em>P\u00e1gina en donde est\u00e1n todas las medallas de guerra, incluyendo las de la Guerra de Corea, en donde se ve una foto del soldado Hildebrando V\u00e9lez exhibiendo las ganadas.<\/em><\/p>\n<p><a href=\"http:\/\/www.themedalhound.com\/colombia\/index.html\">http:\/\/www.themedalhound.com\/colombia\/index.html<\/a><\/p>\n<p>&nbsp;<\/p>\n<div id=\"post-body-7056323978464584256\" class=\"post-body entry-content\"><\/div>\n","protected":false},"excerpt":{"rendered":"<p>Congreso de la Rep\u00fablica de Colombia: Condecoraci\u00f3n que hace el Honorable\u00a0Congresista Augusto Posada al Veterano de Guerra Hildebrando V\u00e9lez Vel\u00e1squez, \u00a0el\u00a012 de Diciembre de 2009 Fuente:\u00a0http:\/\/augustoposada.blogspot.com.co\/2009\/12\/augusto-posada-condecora-veterano-de.html &nbsp; Medal Hound P\u00e1gina en donde est\u00e1n todas las medallas de guerra, incluyendo las de la Guerra de Corea, en donde se ve una foto del soldado Hildebrando V\u00e9lez&#8230; <\/p>\n<div class=\"link-more\"><a href=\"http:\/\/www.memoriasdecorea.com\/wordpress\/menciones-honorificas\/\">Read More<\/a><\/div>\n","protected":false},"author":1,"featured_media":0,"parent":0,"menu_order":0,"comment_status":"closed","ping_status":"closed","template":"","meta":{"footnotes":""},"class_list":["post-8","page","type-page","status-publish","hentry"],"_links":{"self":[{"href":"http:\/\/www.memoriasdecorea.com\/wordpress\/wp-json\/wp\/v2\/pages\/8"}],"collection":[{"href":"http:\/\/www.memoriasdecorea.com\/wordpress\/wp-json\/wp\/v2\/pages"}],"about":[{"href":"http:\/\/www.memoriasdecorea.com\/wordpress\/wp-json\/wp\/v2\/types\/page"}],"author":[{"embeddable":true,"href":"http:\/\/www.memoriasdecorea.com\/wordpress\/wp-json\/wp\/v2\/users\/1"}],"replies":[{"embeddable":true,"href":"http:\/\/www.memoriasdecorea.com\/wordpress\/wp-json\/wp\/v2\/comments?post=8"}],"version-history":[{"count":8,"href":"http:\/\/www.memoriasdecorea.com\/wordpress\/wp-json\/wp\/v2\/pages\/8\/revisions"}],"predecessor-version":[{"id":205,"href":"http:\/\/www.memoriasdecorea.com\/wordpress\/wp-json\/wp\/v2\/pages\/8\/revisions\/205"}],"wp:attachment":[{"href":"http:\/\/www.memoriasdecorea.com\/wordpress\/wp-json\/wp\/v2\/media?parent=8"}],"curies":[{"name":"wp","href":"https:\/\/api.w.org\/{rel}","templated":true}]}}